{"id":19,"date":"2024-07-05T10:42:12","date_gmt":"2024-07-05T10:42:12","guid":{"rendered":"https:\/\/friggparanormalfinders.no\/?page_id=19"},"modified":"2024-09-12T08:05:05","modified_gmt":"2024-09-12T08:05:05","slug":"forside","status":"publish","type":"page","link":"https:\/\/friggparanormalfinders.no\/","title":{"rendered":"Forside"},"content":{"rendered":"<h3>Oppdag det ukjente med<\/h3>\n<h1>Frigg Paranormal Finders<\/h1>\n<h1>Om oss<\/h1>\n<div>\n<p>Vi er et dedikert team innen paranormal etterforskning, best\u00e5ende av ekteparet Marit og Inge. V\u00e5rt oppdrag er \u00e5 utforske hjems\u00f8kte hus og kjente hjems\u00f8kte steder, samt historiske omr\u00e5der som ikke n\u00f8dvendigvis er kjent for paranormal aktivitet. Vi reiser overalt for \u00e5 unders\u00f8ke og forske p\u00e5 det paranormale, alltid p\u00e5 jakt etter nye eventyr.<\/p>\n<\/div>\n<div>\n<p>F\u00f8lg oss gjerne p\u00e5 v\u00e5re paranormale reiser via YouTube, Instagram og Facebook, og bli med p\u00e5 oppdagelsen av det ukjente.<\/p>\n<\/div>\n<ul>\n<li>\n<p><img decoding=\"async\" src=\"\/wp-content\/uploads\/2024\/07\/Messenger_creation_bf7c8001-d944-4c38-ae00-735a821e4e95.jpeg\" alt=\"\"><\/p>\n<h3>bsh<\/h3>\n<\/li>\n<li>\n<p><img decoding=\"async\" src=\"\/wp-content\/uploads\/2024\/07\/Messenger_creation_fe2a059c-5e8e-4228-8936-8ba53d2ef658.jpeg\" alt=\"\"><\/p>\n<h3>Messenger_creation_fe2a059c-5e8e-4228-8936-8ba53d2ef658<\/h3>\n<\/li>\n<li>\n<p><img decoding=\"async\" src=\"\/wp-content\/uploads\/2024\/07\/Messenger_creation_b471f33c-2723-454e-8df7-ed36d3b52fd5.jpeg\" alt=\"\"><\/p>\n<h3>Messenger_creation_b471f33c-2723-454e-8df7-ed36d3b52fd5<\/h3>\n<\/li>\n<li>\n<p><img decoding=\"async\" src=\"\/wp-content\/uploads\/2024\/07\/Messenger_creation_b5d8ec13-615b-44a4-a338-cfbd136ab623.jpeg\" alt=\"\"><\/p>\n<h3>Messenger_creation_b5d8ec13-615b-44a4-a338-cfbd136ab623<\/h3>\n<\/li>\n<li>\n<p><img decoding=\"async\" src=\"\/wp-content\/uploads\/2024\/07\/Messenger_creation_38141732-1c2a-4fc4-aad0-70f745e97aff.jpeg\" alt=\"\"><\/p>\n<h3>Messenger_creation_38141732-1c2a-4fc4-aad0-70f745e97aff<\/h3>\n<\/li>\n<li>\n<p><img decoding=\"async\" src=\"\/wp-content\/uploads\/2024\/07\/Messenger_creation_904bacf6-8026-4363-ab6f-45f9cd874cf6.jpeg\" alt=\"\"><\/p>\n<h3>Messenger_creation_904bacf6-8026-4363-ab6f-45f9cd874cf6<\/h3>\n<\/li>\n<li>\n<p><img decoding=\"async\" src=\"\/wp-content\/uploads\/2024\/07\/Messenger_creation_3b66fa94-0996-4d7b-8f63-c8f9a0ebf4d9.jpeg\" alt=\"\"><\/p>\n<h3>Messenger_creation_3b66fa94-0996-4d7b-8f63-c8f9a0ebf4d9<\/h3>\n<\/li>\n<li>\n<p><img decoding=\"async\" src=\"\/wp-content\/uploads\/2024\/07\/favorittbilde.jpeg\" alt=\"\"><\/p>\n<h3>favorittbilde<\/h3>\n<\/li>\n<\/ul>\n<p><!--more--><br \/>\n<!-- {\"type\":\"layout\",\"children\":[{\"type\":\"section\",\"props\":{\"animation\":\"fade\",\"height\":\"viewport\",\"image\":\"wp-content\\\/uploads\\\/2024\\\/07\\\/favorittbilde.jpeg\",\"image_effect\":\"fixed\",\"image_position\":\"center-center\",\"image_size\":\"cover\",\"overlap\":true,\"style\":\"default\",\"title_breakpoint\":\"xl\",\"title_position\":\"top-left\",\"title_rotation\":\"left\",\"vertical_align\":\"middle\",\"width\":\"default\"},\"children\":[{\"type\":\"row\",\"children\":[{\"type\":\"column\",\"props\":{\"image_position\":\"center-center\",\"position_sticky_breakpoint\":\"m\",\"vertical_align\":\"middle\"},\"children\":[{\"type\":\"headline\",\"props\":{\"animation\":\"slide-left\",\"content\":\"Oppdag det ukjente med\",\"parallax_blur\":\"0\",\"text_align\":\"center\",\"title_element\":\"h3\"}},{\"type\":\"headline\",\"props\":{\"animation\":\"slide-right\",\"content\":\"Frigg Paranormal Finders\",\"text_align\":\"center\",\"title_element\":\"h1\"}}]}]}],\"name\":\"Hero\"},{\"type\":\"section\",\"props\":{\"animation\":\"fade\",\"id\":\"omoss\",\"image_position\":\"center-center\",\"style\":\"muted\",\"title_breakpoint\":\"xl\",\"title_position\":\"top-left\",\"title_rotation\":\"left\",\"vertical_align\":\"middle\",\"width\":\"default\"},\"children\":[{\"type\":\"row\",\"children\":[{\"type\":\"column\",\"props\":{\"image_position\":\"center-center\",\"position_sticky_breakpoint\":\"m\"},\"children\":[{\"type\":\"headline\",\"props\":{\"animation\":\"slide-left\",\"content\":\"Om oss\",\"title_element\":\"h1\"}}]}]},{\"type\":\"row\",\"props\":{\"layout\":\"1-2,1-2\"},\"children\":[{\"type\":\"column\",\"props\":{\"image_position\":\"center-center\",\"position_sticky_breakpoint\":\"m\",\"width_medium\":\"1-2\"},\"children\":[{\"type\":\"text\",\"props\":{\"animation\":\"fade\",\"column_breakpoint\":\"m\",\"content\":\"\n\n<p>Vi er et dedikert team innen paranormal etterforskning, best\\u00e5ende av ekteparet Marit og Inge. V\\u00e5rt oppdrag er \\u00e5 utforske hjems\\u00f8kte hus og kjente hjems\\u00f8kte steder, samt historiske omr\\u00e5der som ikke n\\u00f8dvendigvis er kjent for paranormal aktivitet. Vi reiser overalt for \\u00e5 unders\\u00f8ke og forske p\\u00e5 det paranormale, alltid p\\u00e5 jakt etter nye eventyr.<\\\/p>\",\"margin\":\"default\"}},{\"type\":\"text\",\"props\":{\"animation\":\"fade\",\"column_breakpoint\":\"m\",\"content\":\"\n\n<p>F\\u00f8lg oss gjerne p\\u00e5 v\\u00e5re paranormale reiser via YouTube, Instagram og Facebook, og bli med p\\u00e5 oppdagelsen av det ukjente.<\\\/p>\",\"margin\":\"default\"}}]},{\"type\":\"column\",\"props\":{\"image_position\":\"center-center\",\"position_sticky_breakpoint\":\"m\",\"width_medium\":\"1-2\"},\"children\":[{\"type\":\"panel-slider\",\"props\":{\"animation\":\"slide-right\",\"content_column_breakpoint\":\"m\",\"icon_width\":80,\"image_align\":\"top\",\"image_grid_breakpoint\":\"m\",\"image_grid_width\":\"1-2\",\"image_svg_color\":\"emphasis\",\"link_style\":\"default\",\"link_text\":\"Read more\",\"margin\":\"default\",\"meta_align\":\"below-title\",\"meta_element\":\"div\",\"meta_style\":\"text-meta\",\"nav\":\"dotnav\",\"nav_align\":\"center\",\"nav_breakpoint\":\"s\",\"panel_match\":true,\"show_content\":true,\"show_image\":true,\"show_link\":true,\"show_meta\":true,\"show_title\":false,\"slidenav\":\"outside\",\"slidenav_breakpoint\":\"xl\",\"slidenav_margin\":\"medium\",\"slidenav_outside_breakpoint\":\"xl\",\"slider_autoplay\":true,\"slider_autoplay_pause\":true,\"slider_divider\":false,\"slider_finite\":false,\"slider_gap\":\"default\",\"slider_sets\":true,\"slider_width\":\"fixed\",\"slider_width_default\":\"1-1\",\"slider_width_medium\":\"1-3\",\"title_align\":\"top\",\"title_element\":\"h3\",\"title_grid_breakpoint\":\"m\",\"title_grid_width\":\"1-2\",\"title_hover_style\":\"reset\"},\"children\":[{\"type\":\"panel-slider_item\",\"props\":{\"image\":\"wp-content\\\/uploads\\\/2024\\\/07\\\/Messenger_creation_bf7c8001-d944-4c38-ae00-735a821e4e95.jpeg\",\"title\":\"bsh\"}},{\"type\":\"panel-slider_item\",\"props\":{\"image\":\"wp-content\\\/uploads\\\/2024\\\/07\\\/Messenger_creation_fe2a059c-5e8e-4228-8936-8ba53d2ef658.jpeg\",\"title\":\"Messenger_creation_fe2a059c-5e8e-4228-8936-8ba53d2ef658\"}},{\"type\":\"panel-slider_item\",\"props\":{\"image\":\"wp-content\\\/uploads\\\/2024\\\/07\\\/Messenger_creation_b471f33c-2723-454e-8df7-ed36d3b52fd5.jpeg\",\"title\":\"Messenger_creation_b471f33c-2723-454e-8df7-ed36d3b52fd5\"}},{\"type\":\"panel-slider_item\",\"props\":{\"image\":\"wp-content\\\/uploads\\\/2024\\\/07\\\/Messenger_creation_b5d8ec13-615b-44a4-a338-cfbd136ab623.jpeg\",\"title\":\"Messenger_creation_b5d8ec13-615b-44a4-a338-cfbd136ab623\"}},{\"type\":\"panel-slider_item\",\"props\":{\"image\":\"wp-content\\\/uploads\\\/2024\\\/07\\\/Messenger_creation_38141732-1c2a-4fc4-aad0-70f745e97aff.jpeg\",\"title\":\"Messenger_creation_38141732-1c2a-4fc4-aad0-70f745e97aff\"}},{\"type\":\"panel-slider_item\",\"props\":{\"image\":\"wp-content\\\/uploads\\\/2024\\\/07\\\/Messenger_creation_904bacf6-8026-4363-ab6f-45f9cd874cf6.jpeg\",\"title\":\"Messenger_creation_904bacf6-8026-4363-ab6f-45f9cd874cf6\"}},{\"type\":\"panel-slider_item\",\"props\":{\"image\":\"wp-content\\\/uploads\\\/2024\\\/07\\\/Messenger_creation_3b66fa94-0996-4d7b-8f63-c8f9a0ebf4d9.jpeg\",\"title\":\"Messenger_creation_3b66fa94-0996-4d7b-8f63-c8f9a0ebf4d9\"}},{\"type\":\"panel-slider_item\",\"props\":{\"image\":\"wp-content\\\/uploads\\\/2024\\\/07\\\/favorittbilde.jpeg\",\"title\":\"favorittbilde\"}}]}]}]}],\"name\":\"Om oss\"}],\"version\":\"4.4.8\"} --><\/p>\n","protected":false},"excerpt":{"rendered":"<p>Oppdag det ukjente med Frigg Paranormal Finders Om oss Vi er et dedikert team innen paranormal etterforskning, best\u00e5ende av ekteparet Marit og Inge. V\u00e5rt oppdrag er \u00e5 utforske hjems\u00f8kte hus og kjente hjems\u00f8kte steder, samt historiske omr\u00e5der som ikke n\u00f8dvendigvis er kjent for paranormal aktivitet. Vi reiser overalt for \u00e5 unders\u00f8ke og forske p\u00e5 det [&hellip;]<\/p>\n","protected":false},"author":1,"featured_media":0,"parent":0,"menu_order":0,"comment_status":"closed","ping_status":"closed","template":"","meta":{"footnotes":""},"class_list":["post-19","page","type-page","status-publish","hentry"],"_links":{"self":[{"href":"https:\/\/friggparanormalfinders.no\/index.php\/wp-json\/wp\/v2\/pages\/19","targetHints":{"allow":["GET"]}}],"collection":[{"href":"https:\/\/friggparanormalfinders.no\/index.php\/wp-json\/wp\/v2\/pages"}],"about":[{"href":"https:\/\/friggparanormalfinders.no\/index.php\/wp-json\/wp\/v2\/types\/page"}],"author":[{"embeddable":true,"href":"https:\/\/friggparanormalfinders.no\/index.php\/wp-json\/wp\/v2\/users\/1"}],"replies":[{"embeddable":true,"href":"https:\/\/friggparanormalfinders.no\/index.php\/wp-json\/wp\/v2\/comments?post=19"}],"version-history":[{"count":48,"href":"https:\/\/friggparanormalfinders.no\/index.php\/wp-json\/wp\/v2\/pages\/19\/revisions"}],"predecessor-version":[{"id":175,"href":"https:\/\/friggparanormalfinders.no\/index.php\/wp-json\/wp\/v2\/pages\/19\/revisions\/175"}],"wp:attachment":[{"href":"https:\/\/friggparanormalfinders.no\/index.php\/wp-json\/wp\/v2\/media?parent=19"}],"curies":[{"name":"wp","href":"https:\/\/api.w.org\/{rel}","templated":true}]}}