{"id":21,"date":"2024-07-05T10:44:38","date_gmt":"2024-07-05T10:44:38","guid":{"rendered":"https:\/\/friggparanormalfinders.no\/?page_id=21"},"modified":"2024-07-05T11:29:40","modified_gmt":"2024-07-05T11:29:40","slug":"kontakt-oss","status":"publish","type":"page","link":"https:\/\/friggparanormalfinders.no\/index.php\/kontakt-oss\/","title":{"rendered":"Kontakt"},"content":{"rendered":"<h1>Kontakt Oss<\/h1>\n<div>\n<p>Har du sp\u00f8rsm\u00e5l om v\u00e5re tjenester, eller \u00f8nsker du \u00e5 tipse oss om et sted som trenger unders\u00f8kelse? Vi vil gjerne h\u00f8re fra deg! Fyll ut skjemaet nedenfor, s\u00e5 tar vi kontakt med deg s\u00e5 snart som mulig.<\/p>\n<\/div>\n<div>\n<p>Uansett om du har opplevd noe uforklarlig, \u00f8nsker \u00e5 booke en unders\u00f8kelse, eller bare er nysgjerrig p\u00e5 v\u00e5rt arbeid, st\u00e5r vi klare til \u00e5 hjelpe. Vi ser frem til \u00e5 h\u00f8re fra deg og utforske det ukjente sammen!<\/p>\n<\/div>\n<h2>Kontakt skjema<\/h2>\n<div>\n<div class=\"forminator-ui forminator-custom-form forminator-custom-form-81 forminator-design--default  forminator_ajax\" data-forminator-render=\"0\" data-form=\"forminator-module-81\" data-uid=\"69d97dbfc1a11\"><br\/><\/div><form\n\t\t\t\tid=\"forminator-module-81\"\n\t\t\t\tclass=\"forminator-ui forminator-custom-form forminator-custom-form-81 forminator-design--default  forminator_ajax\"\n\t\t\t\tmethod=\"post\"\n\t\t\t\tdata-forminator-render=\"0\"\n\t\t\t\tdata-form-id=\"81\"\n\t\t\t\t data-color-option=\"default\" data-design=\"default\" data-grid=\"open\" style=\"display: none;\"\n\t\t\t\tdata-uid=\"69d97dbfc1a11\"\n\t\t\t><div role=\"alert\" aria-live=\"polite\" class=\"forminator-response-message forminator-error\" aria-hidden=\"true\"><\/div><div class=\"forminator-row\"><div id=\"name-1\" class=\"forminator-field-name forminator-col forminator-col-12 \"><div class=\"forminator-field\"><label for=\"forminator-field-name-1_69d97dbfc1a11\" id=\"forminator-field-name-1_69d97dbfc1a11-label\" class=\"forminator-label\">Navn: <span class=\"forminator-required\">*<\/span><\/label><input type=\"text\" name=\"name-1\" value=\"\" placeholder=\"E.g. John\" id=\"forminator-field-name-1_69d97dbfc1a11\" class=\"forminator-input forminator-name--field\" aria-required=\"true\" autocomplete=\"name\" \/><\/div><\/div><\/div><div class=\"forminator-row\"><div id=\"email-1\" class=\"forminator-field-email forminator-col forminator-col-12 \"><div class=\"forminator-field\"><label for=\"forminator-field-email-1_69d97dbfc1a11\" id=\"forminator-field-email-1_69d97dbfc1a11-label\" class=\"forminator-label\">Epost <span class=\"forminator-required\">*<\/span><\/label><input type=\"email\" name=\"email-1\" value=\"\" placeholder=\"ola@nordmann.no\" id=\"forminator-field-email-1_69d97dbfc1a11\" class=\"forminator-input forminator-email--field\" data-required=\"true\" aria-required=\"true\" autocomplete=\"email\" \/><\/div><\/div><\/div><div class=\"forminator-row\"><div id=\"phone-1\" class=\"forminator-field-phone forminator-col forminator-col-12 \"><div class=\"forminator-field\"><label for=\"forminator-field-phone-1_69d97dbfc1a11\" id=\"forminator-field-phone-1_69d97dbfc1a11-label\" class=\"forminator-label\">Telefon<\/label><input type=\"text\" name=\"phone-1\" value=\"\" placeholder=\"E.g. +47 3004005000\" id=\"forminator-field-phone-1_69d97dbfc1a11\" class=\"forminator-input forminator-field--phone\" data-required=\"\" aria-required=\"false\" autocomplete=\"off\" \/><\/div><\/div><\/div><div class=\"forminator-row\"><div id=\"textarea-1\" class=\"forminator-field-textarea forminator-col forminator-col-12 \"><div class=\"forminator-field\"><label for=\"forminator-field-textarea-1_69d97dbfc1a11\" id=\"forminator-field-textarea-1_69d97dbfc1a11-label\" class=\"forminator-label\">Din melding<\/label><textarea name=\"textarea-1\" placeholder=\"Skriv din melding...\" id=\"forminator-field-textarea-1_69d97dbfc1a11\" class=\"forminator-textarea\" rows=\"6\" style=\"min-height:140px;\" maxlength=\"180\" ><\/textarea><span id=\"forminator-field-textarea-1_69d97dbfc1a11-description\" class=\"forminator-description\"><span data-limit=\"180\" data-type=\"characters\" data-editor=\"\">0 \/ 180<\/span><\/span><\/div><\/div><\/div><input type=\"hidden\" name=\"referer_url\" value=\"\" \/><div class=\"forminator-row forminator-row-last\"><div class=\"forminator-col\"><div class=\"forminator-field\"><button class=\"forminator-button forminator-button-submit\">Send<\/button><\/div><\/div><\/div><input type=\"hidden\" id=\"forminator_nonce\" name=\"forminator_nonce\" value=\"0a1ffb8f80\" \/><input type=\"hidden\" name=\"_wp_http_referer\" value=\"\/index.php\/wp-json\/wp\/v2\/pages\/21\" \/><input type=\"hidden\" name=\"form_id\" value=\"81\"><input type=\"hidden\" name=\"page_id\" value=\"21\"><input type=\"hidden\" name=\"form_type\" value=\"default\"><input type=\"hidden\" name=\"current_url\" value=\"https:\/\/friggparanormalfinders.no\/index.php\/kontakt-oss\/\"><input type=\"hidden\" name=\"render_id\" value=\"0\"><input type=\"hidden\" name=\"action\" value=\"forminator_submit_form_custom-forms\"><\/form><\/div>\n<p><!--more--><br \/>\n<!-- {\"type\":\"layout\",\"children\":[{\"type\":\"section\",\"props\":{\"image_position\":\"center-center\",\"style\":\"default\",\"title_breakpoint\":\"xl\",\"title_position\":\"top-left\",\"title_rotation\":\"left\",\"vertical_align\":\"middle\",\"width\":\"default\"},\"children\":[{\"type\":\"row\",\"children\":[{\"type\":\"column\",\"props\":{\"image_position\":\"center-center\",\"position_sticky_breakpoint\":\"m\"},\"children\":[{\"type\":\"headline\",\"props\":{\"content\":\"Kontakt Oss\",\"title_element\":\"h1\"}}]}]},{\"type\":\"row\",\"props\":{\"layout\":\"1-2,1-2\"},\"children\":[{\"type\":\"column\",\"props\":{\"image_position\":\"center-center\",\"position_sticky_breakpoint\":\"m\",\"width_medium\":\"1-2\"},\"children\":[{\"type\":\"text\",\"props\":{\"column_breakpoint\":\"m\",\"content\":\"\n\n<p>Har du sp\\u00f8rsm\\u00e5l om v\\u00e5re tjenester, eller \\u00f8nsker du \\u00e5 tipse oss om et sted som trenger unders\\u00f8kelse? Vi vil gjerne h\\u00f8re fra deg! Fyll ut skjemaet nedenfor, s\\u00e5 tar vi kontakt med deg s\\u00e5 snart som mulig.<\\\/p>\",\"margin\":\"default\"}}]},{\"type\":\"column\",\"props\":{\"image_position\":\"center-center\",\"position_sticky_breakpoint\":\"m\",\"width_medium\":\"1-2\"},\"children\":[{\"type\":\"text\",\"props\":{\"column_breakpoint\":\"m\",\"content\":\"\n\n<p>Uansett om du har opplevd noe uforklarlig, \\u00f8nsker \\u00e5 booke en unders\\u00f8kelse, eller bare er nysgjerrig p\\u00e5 v\\u00e5rt arbeid, st\\u00e5r vi klare til \\u00e5 hjelpe. Vi ser frem til \\u00e5 h\\u00f8re fra deg og utforske det ukjente sammen!<\\\/p>\",\"margin\":\"default\"}}]}]},{\"type\":\"row\",\"children\":[{\"type\":\"column\",\"props\":{\"image_position\":\"center-center\",\"position_sticky_breakpoint\":\"m\",\"style\":\"card-default\"},\"children\":[{\"type\":\"headline\",\"props\":{\"content\":\"Kontakt skjema\",\"title_element\":\"h2\"}},{\"type\":\"html\",\"props\":{\"content\":\"[forminator_form id=\\\"81\\\"]\"}}]}]}],\"name\":\"Header\"}],\"version\":\"4.4.5\"} --><\/p>\n","protected":false},"excerpt":{"rendered":"<p>Kontakt Oss Har du sp\u00f8rsm\u00e5l om v\u00e5re tjenester, eller \u00f8nsker du \u00e5 tipse oss om et sted som trenger unders\u00f8kelse? Vi vil gjerne h\u00f8re fra deg! Fyll ut skjemaet nedenfor, s\u00e5 tar vi kontakt med deg s\u00e5 snart som mulig. Uansett om du har opplevd noe uforklarlig, \u00f8nsker \u00e5 booke en unders\u00f8kelse, eller bare er [&hellip;]<\/p>\n","protected":false},"author":1,"featured_media":0,"parent":0,"menu_order":0,"comment_status":"closed","ping_status":"closed","template":"","meta":{"footnotes":""},"class_list":["post-21","page","type-page","status-publish","hentry"],"_links":{"self":[{"href":"https:\/\/friggparanormalfinders.no\/index.php\/wp-json\/wp\/v2\/pages\/21","targetHints":{"allow":["GET"]}}],"collection":[{"href":"https:\/\/friggparanormalfinders.no\/index.php\/wp-json\/wp\/v2\/pages"}],"about":[{"href":"https:\/\/friggparanormalfinders.no\/index.php\/wp-json\/wp\/v2\/types\/page"}],"author":[{"embeddable":true,"href":"https:\/\/friggparanormalfinders.no\/index.php\/wp-json\/wp\/v2\/users\/1"}],"replies":[{"embeddable":true,"href":"https:\/\/friggparanormalfinders.no\/index.php\/wp-json\/wp\/v2\/comments?post=21"}],"version-history":[{"count":12,"href":"https:\/\/friggparanormalfinders.no\/index.php\/wp-json\/wp\/v2\/pages\/21\/revisions"}],"predecessor-version":[{"id":86,"href":"https:\/\/friggparanormalfinders.no\/index.php\/wp-json\/wp\/v2\/pages\/21\/revisions\/86"}],"wp:attachment":[{"href":"https:\/\/friggparanormalfinders.no\/index.php\/wp-json\/wp\/v2\/media?parent=21"}],"curies":[{"name":"wp","href":"https:\/\/api.w.org\/{rel}","templated":true}]}}