{"id":51,"date":"2024-07-05T11:06:13","date_gmt":"2024-07-05T11:06:13","guid":{"rendered":"https:\/\/friggparanormalfinders.no\/?page_id=51"},"modified":"2024-08-06T15:00:44","modified_gmt":"2024-08-06T15:00:44","slug":"tjenester","status":"publish","type":"page","link":"https:\/\/friggparanormalfinders.no\/index.php\/tjenester\/","title":{"rendered":"Tjenester"},"content":{"rendered":"<h1>V\u00e5re tjenester<\/h1>\n<div>\n<p>Har du opplevd noe uforklarlig i ditt hjem, eller kjenner du til andre hjems\u00f8kte steder som trenger unders\u00f8kelse? Vi st\u00e5r klare til \u00e5 ta p\u00e5 oss oppdrag med v\u00e5rt profesjonelle utstyr og ekspertise. Tipse oss gjerne om steder som kan v\u00e6re verdt \u00e5 utforske!<\/p>\n<\/div>\n<ul>\n<li>\n<h3>Hus unders\u00f8kelse<\/h3>\n<div>\n<p>Har du opplevd merkelige hendelser i ditt hjem?<\/p>\n<p>V\u00e5rt team kan komme hjem til deg og gjennomf\u00f8re en grundig unders\u00f8kelse for \u00e5 identifisere og dokumentere eventuell paranormal aktivitet.<\/p>\n<p>Vi bruker avansert utstyr og v\u00e5re mange\u00e5rige erfaringer for \u00e5 gi deg svar p\u00e5 det uforklarlige. La oss hjelpe deg med \u00e5 skape ro i hjemmet ditt ved \u00e5 forst\u00e5 hva som skjer.<\/p>\n<\/div>\n<p><a href=\"\/index.php\/kontakt-oss\/\">Kontakt oss<\/a><\/p>\n<\/li>\n<li>\n<h3>Steds unders\u00f8kelse<\/h3>\n<div>\n<p>Kjenner du til et sted som sies \u00e5 v\u00e6re hjems\u00f8kt, eller har du h\u00f8rt historier om merkelige hendelser p\u00e5 et bestemt sted?<\/p>\n<p>Vi tilbyr omfattende stedsunders\u00f8kelser for \u00e5 avdekke paranormal aktivitet p\u00e5 b\u00e5de kjente og ukjente steder.<\/p>\n<p>Med v\u00e5r ekspertise og avanserte teknologi, kan vi unders\u00f8ke ethvert omr\u00e5de og gi deg en grundig rapport om v\u00e5re funn.<\/p>\n<\/div>\n<p><a href=\"\/index.php\/kontakt-oss\/\">Kontakt oss<\/a><\/p>\n<\/li>\n<li>\n<h3>Paranormal samtale<\/h3>\n<div>\n<p>\u00d8nsker du \u00e5 forst\u00e5 mer om det paranormale eller har du sp\u00f8rsm\u00e5l om en opplevelse du har hatt?<\/p>\n<p>Vi tilbyr ogs\u00e5 personlige konsultasjoner hvor vi kan diskutere dine erfaringer og gi r\u00e5d basert p\u00e5 v\u00e5r kunnskap og erfaring innen det paranormale.<\/p>\n<p>Uansett hva du lurer p\u00e5, er vi her for \u00e5 hjelpe deg med \u00e5 f\u00e5 klarhet og innsikt.<\/p>\n<\/div>\n<p><a href=\"\/index.php\/kontakt-oss\/\">Kontakt oss<\/a><\/p>\n<\/li>\n<\/ul>\n<p><!--more--><br \/>\n<!-- {\"type\":\"layout\",\"children\":[{\"type\":\"section\",\"props\":{\"image_position\":\"center-center\",\"style\":\"default\",\"title_breakpoint\":\"xl\",\"title_position\":\"top-left\",\"title_rotation\":\"left\",\"vertical_align\":\"middle\",\"width\":\"default\"},\"children\":[{\"type\":\"row\",\"children\":[{\"type\":\"column\",\"props\":{\"image_position\":\"center-center\",\"position_sticky_breakpoint\":\"m\"},\"children\":[{\"type\":\"headline\",\"props\":{\"content\":\"V\\u00e5re tjenester\",\"title_element\":\"h1\"}},{\"type\":\"text\",\"props\":{\"column_breakpoint\":\"m\",\"content\":\"\n\n<p>Har du opplevd noe uforklarlig i ditt hjem, eller kjenner du til andre hjems\\u00f8kte steder som trenger unders\\u00f8kelse? Vi st\\u00e5r klare til \\u00e5 ta p\\u00e5 oss oppdrag med v\\u00e5rt profesjonelle utstyr og ekspertise. Tipse oss gjerne om steder som kan v\\u00e6re verdt \\u00e5 utforske!<\\\/p>\",\"margin\":\"default\"}}]}]}],\"name\":\"Header\"},{\"type\":\"section\",\"props\":{\"image_position\":\"center-center\",\"style\":\"muted\",\"title_breakpoint\":\"xl\",\"title_position\":\"top-left\",\"title_rotation\":\"left\",\"vertical_align\":\"middle\",\"width\":\"default\"},\"children\":[{\"type\":\"row\",\"children\":[{\"type\":\"column\",\"props\":{\"image_position\":\"center-center\",\"position_sticky_breakpoint\":\"m\"},\"children\":[{\"type\":\"grid\",\"props\":{\"content_column_breakpoint\":\"m\",\"filter_align\":\"left\",\"filter_all\":true,\"filter_grid_breakpoint\":\"m\",\"filter_grid_width\":\"auto\",\"filter_position\":\"top\",\"filter_style\":\"tab\",\"grid_default\":\"1\",\"grid_medium\":\"3\",\"icon_width\":80,\"image_align\":\"top\",\"image_grid_breakpoint\":\"m\",\"image_grid_width\":\"1-2\",\"image_svg_color\":\"emphasis\",\"item_animation\":true,\"link_style\":\"default\",\"link_text\":\"Read more\",\"margin\":\"default\",\"meta_align\":\"below-title\",\"meta_element\":\"div\",\"meta_style\":\"text-meta\",\"panel_link\":true,\"panel_padding\":\"small\",\"panel_style\":\"card-default\",\"show_content\":true,\"show_image\":true,\"show_link\":true,\"show_meta\":true,\"show_title\":true,\"title_align\":\"top\",\"title_element\":\"h3\",\"title_grid_breakpoint\":\"m\",\"title_grid_width\":\"1-2\",\"title_hover_style\":\"reset\"},\"children\":[{\"type\":\"grid_item\",\"props\":{\"content\":\"\n\n<p>Har du opplevd merkelige hendelser i ditt hjem?<\\\/p>\\n\n\n<p>V\\u00e5rt team kan komme hjem til deg og gjennomf\\u00f8re en grundig unders\\u00f8kelse for \\u00e5 identifisere og dokumentere eventuell paranormal aktivitet.<\\\/p>\\n\n\n<p>Vi bruker avansert utstyr og v\\u00e5re mange\\u00e5rige erfaringer for \\u00e5 gi deg svar p\\u00e5 det uforklarlige. La oss hjelpe deg med \\u00e5 skape ro i hjemmet ditt ved \\u00e5 forst\\u00e5 hva som skjer.<\\\/p>\",\"link\":\"index.php\\\/kontakt-oss\\\/\",\"link_text\":\"Kontakt oss\",\"title\":\"Hus unders\\u00f8kelse\"}},{\"type\":\"grid_item\",\"props\":{\"content\":\"\n\n<p>Kjenner du til et sted som sies \\u00e5 v\\u00e6re hjems\\u00f8kt, eller har du h\\u00f8rt historier om merkelige hendelser p\\u00e5 et bestemt sted?<\\\/p>\\n\n\n<p>Vi tilbyr omfattende stedsunders\\u00f8kelser for \\u00e5 avdekke paranormal aktivitet p\\u00e5 b\\u00e5de kjente og ukjente steder.<\\\/p>\\n\n\n<p>Med v\\u00e5r ekspertise og avanserte teknologi, kan vi unders\\u00f8ke ethvert omr\\u00e5de og gi deg en grundig rapport om v\\u00e5re funn.<\\\/p>\",\"link\":\"index.php\\\/kontakt-oss\\\/\",\"link_text\":\"Kontakt oss\",\"title\":\"Steds unders\\u00f8kelse\"}},{\"type\":\"grid_item\",\"props\":{\"content\":\"\n\n<p>\\u00d8nsker du \\u00e5 forst\\u00e5 mer om det paranormale eller har du sp\\u00f8rsm\\u00e5l om en opplevelse du har hatt?<\\\/p>\\n\n\n<p>Vi tilbyr ogs\\u00e5 personlige konsultasjoner hvor vi kan diskutere dine erfaringer og gi r\\u00e5d basert p\\u00e5 v\\u00e5r kunnskap og erfaring innen det paranormale.<\\\/p>\\n\n\n<p>Uansett hva du lurer p\\u00e5, er vi her for \\u00e5 hjelpe deg med \\u00e5 f\\u00e5 klarhet og innsikt.<\\\/p>\",\"link\":\"index.php\\\/kontakt-oss\\\/\",\"link_text\":\"Kontakt oss\",\"title\":\"Paranormal samtale\"}}]}]}]}],\"name\":\"Tjenester\"}],\"version\":\"4.4.5\"} --><\/p>\n","protected":false},"excerpt":{"rendered":"<p>V\u00e5re tjenester Har du opplevd noe uforklarlig i ditt hjem, eller kjenner du til andre hjems\u00f8kte steder som trenger unders\u00f8kelse? Vi st\u00e5r klare til \u00e5 ta p\u00e5 oss oppdrag med v\u00e5rt profesjonelle utstyr og ekspertise. Tipse oss gjerne om steder som kan v\u00e6re verdt \u00e5 utforske! Hus unders\u00f8kelse Har du opplevd merkelige hendelser i ditt [&hellip;]<\/p>\n","protected":false},"author":1,"featured_media":0,"parent":0,"menu_order":0,"comment_status":"closed","ping_status":"closed","template":"","meta":{"footnotes":""},"class_list":["post-51","page","type-page","status-publish","hentry"],"_links":{"self":[{"href":"https:\/\/friggparanormalfinders.no\/index.php\/wp-json\/wp\/v2\/pages\/51","targetHints":{"allow":["GET"]}}],"collection":[{"href":"https:\/\/friggparanormalfinders.no\/index.php\/wp-json\/wp\/v2\/pages"}],"about":[{"href":"https:\/\/friggparanormalfinders.no\/index.php\/wp-json\/wp\/v2\/types\/page"}],"author":[{"embeddable":true,"href":"https:\/\/friggparanormalfinders.no\/index.php\/wp-json\/wp\/v2\/users\/1"}],"replies":[{"embeddable":true,"href":"https:\/\/friggparanormalfinders.no\/index.php\/wp-json\/wp\/v2\/comments?post=51"}],"version-history":[{"count":23,"href":"https:\/\/friggparanormalfinders.no\/index.php\/wp-json\/wp\/v2\/pages\/51\/revisions"}],"predecessor-version":[{"id":165,"href":"https:\/\/friggparanormalfinders.no\/index.php\/wp-json\/wp\/v2\/pages\/51\/revisions\/165"}],"wp:attachment":[{"href":"https:\/\/friggparanormalfinders.no\/index.php\/wp-json\/wp\/v2\/media?parent=51"}],"curies":[{"name":"wp","href":"https:\/\/api.w.org\/{rel}","templated":true}]}}